{"id":871,"date":"2017-01-30T10:15:12","date_gmt":"2017-01-30T09:15:12","guid":{"rendered":"http:\/\/www.somef.be\/en\/?page_id=871"},"modified":"2024-12-05T16:04:36","modified_gmt":"2024-12-05T15:04:36","slug":"historique","status":"publish","type":"page","link":"https:\/\/www.somef.be\/en\/historique\/","title":{"rendered":"BACKGROUND HISTORY"},"content":{"rendered":"<div class=\"fusion-fullwidth fullwidth-box fusion-builder-row-1 hundred-percent-fullwidth non-hundred-percent-height-scrolling\" style=\"--awb-border-radius-top-left:0px;--awb-border-radius-top-right:0px;--awb-border-radius-bottom-right:0px;--awb-border-radius-bottom-left:0px;--awb-overflow:visible;--awb-flex-wrap:wrap;\" ><div class=\"fusion-builder-row fusion-row\"><div class=\"fusion-layout-column fusion_builder_column fusion-builder-column-0 fusion_builder_column_1_3 1_3 fusion-one-third fusion-column-first\" style=\"--awb-bg-size:cover;\"><div class=\"fusion-column-wrapper fusion-flex-column-wrapper-legacy\"><div class=\"fusion-image-element in-legacy-container\" style=\"--awb-caption-title-font-family:var(--h2_typography-font-family);--awb-caption-title-font-weight:var(--h2_typography-font-weight);--awb-caption-title-font-style:var(--h2_typography-font-style);--awb-caption-title-size:var(--h2_typography-font-size);--awb-caption-title-transform:var(--h2_typography-text-transform);--awb-caption-title-line-height:var(--h2_typography-line-height);--awb-caption-title-letter-spacing:var(--h2_typography-letter-spacing);\"><span class=\" fusion-imageframe imageframe-none imageframe-1 hover-type-zoomin toggles-img\"><img decoding=\"async\" alt=\"Photo Histo\" src=\"http:\/\/www.somef.be\/wp-content\/uploads\/2016\/10\/somef-historique-1.jpg\" class=\"img-responsive\"\/><\/span><\/div><div class=\"fusion-image-element in-legacy-container\" style=\"--awb-caption-title-font-family:var(--h2_typography-font-family);--awb-caption-title-font-weight:var(--h2_typography-font-weight);--awb-caption-title-font-style:var(--h2_typography-font-style);--awb-caption-title-size:var(--h2_typography-font-size);--awb-caption-title-transform:var(--h2_typography-text-transform);--awb-caption-title-line-height:var(--h2_typography-line-height);--awb-caption-title-letter-spacing:var(--h2_typography-letter-spacing);\"><span class=\" fusion-imageframe imageframe-none imageframe-2 hover-type-zoomin toggles-img\"><img decoding=\"async\" alt=\"Photo Histo\" src=\"http:\/\/www.somef.be\/wp-content\/uploads\/2016\/10\/somef-historique-2.jpg\" class=\"img-responsive\"\/><\/span><\/div><div class=\"fusion-image-element in-legacy-container\" style=\"--awb-caption-title-font-family:var(--h2_typography-font-family);--awb-caption-title-font-weight:var(--h2_typography-font-weight);--awb-caption-title-font-style:var(--h2_typography-font-style);--awb-caption-title-size:var(--h2_typography-font-size);--awb-caption-title-transform:var(--h2_typography-text-transform);--awb-caption-title-line-height:var(--h2_typography-line-height);--awb-caption-title-letter-spacing:var(--h2_typography-letter-spacing);\"><span class=\" fusion-imageframe imageframe-none imageframe-3 hover-type-zoomin toggles-img\"><img decoding=\"async\" alt=\"Photo Histo\" src=\"http:\/\/www.somef.be\/wp-content\/uploads\/2016\/10\/somef-historique-3.jpg\" class=\"img-responsive\"\/><\/span><\/div><div class=\"fusion-clearfix\"><\/div><\/div><\/div><div class=\"fusion-layout-column fusion_builder_column fusion-builder-column-1 fusion_builder_column_2_3 2_3 fusion-two-third fusion-column-last\" style=\"--awb-padding-top:40px;--awb-padding-right:40px;--awb-padding-bottom:40px;--awb-padding-left:40px;--awb-bg-color:#ffffff;--awb-bg-color-hover:#ffffff;--awb-bg-size:cover;\"><div class=\"fusion-column-wrapper fusion-flex-column-wrapper-legacy\"><div class=\"fusion-text fusion-text-1\"><h1><span style=\"color: #0abaee;\"><span style=\"color: #5bc5f1;\">BACKGROUND HISTORY<\/span><\/span><\/h1>\n<p>The <strong>Soci\u00e9t\u00e9 d\u2019Op\u00e9rations Maritimes et Fluviales<\/strong> (abbreviated as SOMEF) was founded in 1920 by Ougr\u00e9e-Marihaye, a Li\u00e8ge-based steel maker. With two places of business in Li\u00e8ge and Antwerp and a subsidiary in Rotterdam, this company was already engaged in all port operations, maritime and waterway transport.<\/p>\n<p>Some important dates for the Li\u00e8ge site:<\/p>\n<p><strong><em><span style=\"color: #00ccff;\">1988<\/span><\/em><\/strong>\u00a0 Acquisition of concession at the covered dock of Li\u00e8ge:\u00a0 we became handlers<\/p>\n<p><strong><em><span style=\"color: #00ccff;\">1993<\/span><\/em><\/strong>\u00a0 Management of the Cockerill Sambre halls: we become handlers in plants<\/p>\n<p><strong><em><span style=\"color: #00ccff;\">1995<\/span><\/em><\/strong>\u00a0 Creation of the Charleroi chartering office<\/p>\n<p><strong><em><span style=\"color: #00ccff;\">1997<\/span><\/em><\/strong>\u00a0 Obtaining of the contract on the Eurogal site, \u00a0galvanised steel production<\/p>\n<p><strong><em><span style=\"color: #00ccff;\">1998<\/span><\/em><\/strong>\u00a0 Entry in the Usinor group<\/p>\n<p><strong><em><span style=\"color: #00ccff;\">1999<\/span><\/em><\/strong>\u00a0 Creation of the Tournai office<\/p>\n<p><strong><em><span style=\"color: #00ccff;\">2001<\/span><\/em><\/strong>\u00a0 Demerger of SOMEF<\/p>\n<ul>\n<li>The Antwerp site joins SATEM (Usinor subsidiary). After the merger, it will ultimately become ARCELOR LOGISTICS BELGIUM.<\/li>\n<li>The Li\u00e8ge site becomes autonomous.\u00a0 The new company created will assume the current name of \u201c<strong><em>Somef<\/em><\/strong> .\u201d<\/li>\n<\/ul>\n<p><strong><em><span style=\"color: #00ccff;\">2002<\/span><\/em><\/strong>\u00a0 Entry in the ARCELOR group<\/p>\n<p><strong><em><span style=\"color: #00ccff;\">2005\u00a0<\/span><\/em><\/strong> The Compagnie Fran\u00e7aise de Navigation Rh\u00e9nane (CFNR) acquires 40% of the shares of \u00a0 \u00a0 \u00a0 \u00a0 \u00a0 \u00a0 \u00a0 \u00a0Somef.<\/p>\n<p><strong><em><span style=\"color: #00ccff;\">2007\u00a0<\/span><\/em><\/strong>\u00a0 CFNR\u00a0 acquires 70% of the company\u2019s shares; the remaining 30% are still held by the \u00a0 \u00a0 \u00a0 \u00a0 \u00a0 \u00a0 \u00a0 \u00a0 \u00a0 \u00a0 \u00a0ArcelorMittal Group.<\/p>\n<p><strong><em><span style=\"color: #00ccff;\">2010<\/span><\/em><\/strong>\u00a0 CFNR acquires Deschieter in Ghlin where our Charleroi office is established (1 charterer).<\/p>\n<p><strong><em><span style=\"color: #00ccff;\">2015<\/span><\/em><\/strong>\u00a0\u00a0 The HES group in Rotterdam becomes the principal shareholder.<\/p>\n<p><strong><em><span style=\"color: #00ccff;\">2024\u00a0 <\/span><\/em><\/strong><span style=\"color: #000000;\">The HES group sells the company Deschieter. <\/span><\/p>\n<p><span style=\"color: #000000;\"> <strong><em><span style=\"color: #00ccff;\">2024<\/span><\/em><\/strong>\u00a0 The belgian society Shipit Multimodal Logistics in Antwerpen becomes the principal shareholder.<\/span><\/p>\n<\/div><div class=\"fusion-clearfix\"><\/div><\/div><\/div><div class=\"fusion-layout-column fusion_builder_column fusion-builder-column-2 fusion_builder_column_1_3 1_3 fusion-one-third fusion-column-first\" style=\"--awb-bg-size:cover;\"><div class=\"fusion-column-wrapper fusion-flex-column-wrapper-legacy\"><div class=\"fusion-clearfix\"><\/div><\/div><\/div><div class=\"fusion-layout-column fusion_builder_column fusion-builder-column-3 fusion_builder_column_2_3 2_3 fusion-two-third fusion-column-last\" style=\"--awb-bg-color:#5bc5f1;--awb-bg-color-hover:#5bc5f1;--awb-bg-size:cover;\"><div class=\"fusion-column-wrapper fusion-flex-column-wrapper-legacy\"><div class=\"fusion-text fusion-text-2\"><h4 style=\"text-align: center; padding-top: 20px;\">CONTACT US NOW !<\/h4>\n<\/div><div class=\"fusion-clearfix\"><\/div><\/div><\/div><\/div><\/div>\n","protected":false},"excerpt":{"rendered":"","protected":false},"author":1,"featured_media":0,"parent":0,"menu_order":0,"comment_status":"closed","ping_status":"closed","template":"","meta":{"footnotes":""},"_links":{"self":[{"href":"https:\/\/www.somef.be\/en\/wp-json\/wp\/v2\/pages\/871"}],"collection":[{"href":"https:\/\/www.somef.be\/en\/wp-json\/wp\/v2\/pages"}],"about":[{"href":"https:\/\/www.somef.be\/en\/wp-json\/wp\/v2\/types\/page"}],"author":[{"embeddable":true,"href":"https:\/\/www.somef.be\/en\/wp-json\/wp\/v2\/users\/1"}],"replies":[{"embeddable":true,"href":"https:\/\/www.somef.be\/en\/wp-json\/wp\/v2\/comments?post=871"}],"version-history":[{"count":13,"href":"https:\/\/www.somef.be\/en\/wp-json\/wp\/v2\/pages\/871\/revisions"}],"predecessor-version":[{"id":1425,"href":"https:\/\/www.somef.be\/en\/wp-json\/wp\/v2\/pages\/871\/revisions\/1425"}],"wp:attachment":[{"href":"https:\/\/www.somef.be\/en\/wp-json\/wp\/v2\/media?parent=871"}],"curies":[{"name":"wp","href":"https:\/\/api.w.org\/{rel}","templated":true}]}}